{"id":1573,"date":"2025-06-16T06:57:08","date_gmt":"2025-06-16T04:57:08","guid":{"rendered":"https:\/\/www.villa-jahr.com\/?page_id=1573"},"modified":"2025-06-27T06:33:21","modified_gmt":"2025-06-27T04:33:21","slug":"restaurants-in-gera","status":"publish","type":"page","link":"https:\/\/www.villa-jahr.com\/en\/restaurants-in-gera\/","title":{"rendered":"Restaurants in Gera"},"content":{"rendered":"\t\t<div data-elementor-type=\"wp-page\" data-elementor-id=\"1573\" class=\"elementor elementor-1573\" data-elementor-post-type=\"page\">\n\t\t\t\t<div class=\"elementor-element elementor-element-9c397cc e-flex e-con-boxed e-con e-parent\" data-id=\"9c397cc\" data-element_type=\"container\" data-e-type=\"container\" data-settings=\"{&quot;background_background&quot;:&quot;classic&quot;}\">\n\t\t\t\t\t<div class=\"e-con-inner\">\n\t\t\t\t<div class=\"elementor-element elementor-element-b7c593d elementor-widget elementor-widget-heading\" data-id=\"b7c593d\" data-element_type=\"widget\" data-e-type=\"widget\" data-widget_type=\"heading.default\">\n\t\t\t\t<div class=\"elementor-widget-container\">\n\t\t\t\t\t<h1 class=\"elementor-heading-title elementor-size-default\">Restaurants in Gera<\/h1>\t\t\t\t<\/div>\n\t\t\t\t<\/div>\n\t\t\t\t\t<\/div>\n\t\t\t\t<\/div>\n\t\t<div class=\"elementor-element elementor-element-4066606 e-flex e-con-boxed e-con e-parent\" data-id=\"4066606\" data-element_type=\"container\" data-e-type=\"container\">\n\t\t\t\t\t<div class=\"e-con-inner\">\n\t\t\t\t<div class=\"elementor-element elementor-element-c019080 elementor-view-default elementor-widget elementor-widget-icon\" data-id=\"c019080\" data-element_type=\"widget\" data-e-type=\"widget\" data-widget_type=\"icon.default\">\n\t\t\t\t<div class=\"elementor-widget-container\">\n\t\t\t\t\t\t\t<div class=\"elementor-icon-wrapper\">\n\t\t\t<div class=\"elementor-icon\">\n\t\t\t<svg xmlns=\"http:\/\/www.w3.org\/2000\/svg\" viewBox=\"0 -1 511.99871 511\"><path d=\"m380.589844 204.039062 30.082031-1.90625c.050781-.003906.105469-.007812.160156-.011718 21.4375-1.808594 40.679688-13.039063 52.796875-30.820313l23.78125-34.890625c20.699219-30.375 28.71875-67.0625 22.574219-103.300781-1.207031-7.117187-4.847656-13.675781-10.246094-18.460937-5.402343-4.789063-12.347656-7.617188-19.558593-7.960938-36.726563-1.757812-72.175782 10.605469-99.847657 34.796875l-31.789062 27.792969c-16.199219 14.160156-25.042969 34.609375-24.269531 56.113281.003906.050781.003906.105469.007812.160156l1.714844 30.089844c.667968 11.730469-3.632813 23.304687-11.777344 31.734375l-248.351562 255.132812c-6.648438 6.933594-10.082032 16.445313-9.664063 26.785157.460937 11.382812 5.683594 22.5625 13.972656 29.910156 7.488281 6.636719 17.78125 10.417969 28.070313 10.417969 1.101562 0 2.203125-.042969 3.300781-.132813 10.316406-.824219 19.351563-5.371093 25.46875-12.847656l223.464844-277.085937c7.410156-9.117188 18.386719-14.773438 30.109375-15.515626zm-42.039063 5.859376-223.445312 277.0625c-3.414063 4.171874-8.664063 6.742187-14.78125 7.230468-7.277344.582032-14.738281-1.839844-19.964844-6.472656-5.226563-4.636719-8.523437-11.753906-8.816406-19.046875-.25-6.128906 1.667969-11.648437 5.363281-15.5l248.332031-255.113281c11.132813-11.519532 16.992188-27.296875 16.085938-43.289063l-1.714844-30.011719c-.582031-16.832031 6.351563-32.835937 19.035156-43.925781l31.789063-27.792969c24.671875-21.566406 56.289062-32.578124 89.015625-31.023437 3.726562.179687 7.3125 1.640625 10.105469 4.117187 2.792968 2.472657 4.671874 5.863282 5.296874 9.539063 5.476563 32.308594-1.671874 65.011719-20.125 92.089844l-23.78125 34.894531c-9.488281 13.921875-24.546874 22.722656-41.328124 24.164062l-30 1.898438c-15.984376 1.015625-30.945313 8.726562-41.066407 21.179688zm0 0\"><\/path><path d=\"m497.820312 440.570312-166.519531-151.667968c-3.132812-2.855469-7.984375-2.628906-10.84375.503906-2.851562 3.132812-2.625 7.988281.507813 10.84375l166.476562 151.632812c3.960938 3.660157 6.207032 9.054688 6.328125 15.1875.144531 7.296876-2.71875 14.597657-7.660156 19.539063-4.9375 4.9375-12.226563 7.808594-19.539063 7.660156-6.132812-.121093-11.527343-2.367187-15.148437-6.285156l-148.382813-162.90625c-2.855468-3.136719-7.710937-3.359375-10.84375-.507813-3.132812 2.855469-3.359374 7.710938-.503906 10.84375l148.417969 162.945313c6.523437 7.054687 15.8125 11.054687 26.160156 11.257813.269531.003906.535157.007812.804688.007812 11.121093 0 22.242187-4.511719 29.886719-12.160156 7.835937-7.835938 12.378906-19.308594 12.152343-30.695313-.203125-10.347656-4.199219-19.636719-11.292969-26.199219zm0 0\"><\/path><path d=\"m92.609375 202.585938c12.703125 11.703124 29.207031 18.375 46.472656 18.789062.054688.003906.109375.003906.160157.003906l30.140624.09375c11.75.035156 23.042969 5.023438 30.96875 13.660156l13.277344 14.574219c1.515625 1.664063 3.589844 2.507813 5.675782 2.507813 1.84375 0 3.695312-.660156 5.164062-2 3.136719-2.855469 3.363281-7.710938.507812-10.84375l-13.296874-14.59375c-10.828126-11.804688-26.226563-18.601563-42.246094-18.65625l-30.058594-.09375c-13.355469-.339844-26.125-5.453125-36.019531-14.410156l-87.347657-103.835938c-.890624-1.0625-.824218-2.601562.15625-3.582031.671876-.675781 1.460938-.773438 1.871094-.773438s1.199219.097657 1.875.773438l79.507813 79.511719c7.859375 7.859374 20.648437 7.859374 28.507812-.003907l9.34375-9.339843v-.003907l16.589844-16.589843s.003906 0 .003906-.003907c0 0 .003907-.003906.003907-.003906l9.339843-9.339844c7.859375-7.859375 7.859375-20.648437 0-28.507812l-79.507812-79.507813c-1.03125-1.03125-1.03125-2.714844 0-3.746094.980469-.980468 2.519531-1.046874 3.582031-.15625l103.835938 87.351563c8.960937 9.890625 14.074218 22.664063 14.414062 36.015625l.089844 30.0625c.054687 16.015625 6.855468 31.414062 18.675781 42.265625l14.226563 12.957031c3.136718 2.855469 7.988281 2.628906 10.84375-.503906 2.851562-3.136719 2.625-7.988281-.507813-10.84375l-14.203125-12.9375c-8.660156-7.945312-13.644531-19.242188-13.683594-30.988281l-.09375-30.140625c0-.054688 0-.109375-.003906-.164063-.414062-17.265625-7.085938-33.769531-18.789062-46.472656-.21875-.238281-.453126-.464844-.703126-.675781l-104.222656-87.671875c-7.203125-6.0625-17.65625-5.609375-24.3125 1.046875-7.019531 7.019531-7.019531 18.4375 0 25.453125l79.507813 79.511719c1.875 1.875 1.875 4.925781 0 6.800781l-3.917969 3.914062-88.613281-88.609375c-2.996094-3-7.855469-3-10.851563 0-2.996094 2.996094-2.996094 7.855469 0 10.851563l88.613282 88.613281-5.742188 5.738281-88.613281-88.609375c-2.996094-2.996094-7.855469-2.996094-10.851563 0-3 2.996094-3 7.855469 0 10.851563l88.609375 88.613281-3.914062 3.917969c-1.875 1.875-4.925781 1.875-6.800781 0l-79.511719-79.507813c-3.398438-3.398437-7.917969-5.273437-12.726563-5.273437s-9.328125 1.875-12.726562 5.273437c-6.65625 6.65625-7.105469 17.109375-1.046875 24.316406l87.675781 104.21875c.207031.25.433594.484376.671875.703126zm0 0\"><\/path><\/svg>\t\t\t<\/div>\n\t\t<\/div>\n\t\t\t\t\t\t<\/div>\n\t\t\t\t<\/div>\n\t\t\t\t<div class=\"elementor-element elementor-element-a3b8de4 elementor-widget elementor-widget-heading\" data-id=\"a3b8de4\" data-element_type=\"widget\" data-e-type=\"widget\" data-widget_type=\"heading.default\">\n\t\t\t\t<div class=\"elementor-widget-container\">\n\t\t\t\t\t<h4 class=\"elementor-heading-title elementor-size-default\">Reservierung von Vorteil.<\/h4>\t\t\t\t<\/div>\n\t\t\t\t<\/div>\n\t\t\t\t<div class=\"elementor-element elementor-element-073e744 elementor-widget elementor-widget-spacer\" data-id=\"073e744\" data-element_type=\"widget\" data-e-type=\"widget\" data-widget_type=\"spacer.default\">\n\t\t\t\t<div class=\"elementor-widget-container\">\n\t\t\t\t\t\t\t<div class=\"elementor-spacer\">\n\t\t\t<div class=\"elementor-spacer-inner\"><\/div>\n\t\t<\/div>\n\t\t\t\t\t\t<\/div>\n\t\t\t\t<\/div>\n\t\t<div class=\"elementor-element elementor-element-153de37 e-con-full e-flex e-con e-child\" data-id=\"153de37\" data-element_type=\"container\" data-e-type=\"container\">\n\t\t\t\t<div class=\"elementor-element elementor-element-e55621b elementor-mobile-align-justify elementor-widget-mobile__width-inherit elementor-widget elementor-widget-button\" data-id=\"e55621b\" data-element_type=\"widget\" data-e-type=\"widget\" data-widget_type=\"button.default\">\n\t\t\t\t<div class=\"elementor-widget-container\">\n\t\t\t\t\t\t\t\t\t<div class=\"elementor-button-wrapper\">\n\t\t\t\t\t<a class=\"elementor-button elementor-button-link elementor-size-sm elementor-animation-grow\" href=\"https:\/\/www.ruebezahl-gera.de\/\" target=\"_blank\" rel=\"nofollow noopener\">\n\t\t\t\t\t\t<span class=\"elementor-button-content-wrapper\">\n\t\t\t\t\t\t<span class=\"elementor-button-icon\">\n\t\t\t\t<svg xmlns=\"http:\/\/www.w3.org\/2000\/svg\" id=\"Ebene_1\" viewBox=\"0 0 512 512\"><path d=\"M400,464H48V104h192v-32H16v424h416v-224h-32v192Z\"><\/path><path d=\"M304,16v32h137.4l-252.7,252.7,22.6,22.6,252.7-252.7v137.4h32V16h-192Z\"><\/path><\/svg>\t\t\t<\/span>\n\t\t\t\t\t\t\t\t\t<span class=\"elementor-button-text\">R\u00fcbezahl (neben Hotel)<\/span>\n\t\t\t\t\t<\/span>\n\t\t\t\t\t<\/a>\n\t\t\t\t<\/div>\n\t\t\t\t\t\t\t\t<\/div>\n\t\t\t\t<\/div>\n\t\t\t\t<div class=\"elementor-element elementor-element-a70fcb1 elementor-mobile-align-justify elementor-widget-mobile__width-inherit elementor-widget elementor-widget-button\" data-id=\"a70fcb1\" data-element_type=\"widget\" data-e-type=\"widget\" data-widget_type=\"button.default\">\n\t\t\t\t<div class=\"elementor-widget-container\">\n\t\t\t\t\t\t\t\t\t<div class=\"elementor-button-wrapper\">\n\t\t\t\t\t<a class=\"elementor-button elementor-button-link elementor-size-sm elementor-animation-grow\" href=\"https:\/\/lummersches-backhaus.de\/\" target=\"_blank\" rel=\"nofollow noopener\">\n\t\t\t\t\t\t<span class=\"elementor-button-content-wrapper\">\n\t\t\t\t\t\t<span class=\"elementor-button-icon\">\n\t\t\t\t<svg xmlns=\"http:\/\/www.w3.org\/2000\/svg\" id=\"Ebene_1\" viewBox=\"0 0 512 512\"><path d=\"M400,464H48V104h192v-32H16v424h416v-224h-32v192Z\"><\/path><path d=\"M304,16v32h137.4l-252.7,252.7,22.6,22.6,252.7-252.7v137.4h32V16h-192Z\"><\/path><\/svg>\t\t\t<\/span>\n\t\t\t\t\t\t\t\t\t<span class=\"elementor-button-text\">Lummersches Backhaus \u2013 feine K\u00fcche in bester Lage <\/span>\n\t\t\t\t\t<\/span>\n\t\t\t\t\t<\/a>\n\t\t\t\t<\/div>\n\t\t\t\t\t\t\t\t<\/div>\n\t\t\t\t<\/div>\n\t\t\t\t<div class=\"elementor-element elementor-element-f72896d elementor-mobile-align-justify elementor-widget-mobile__width-inherit elementor-widget elementor-widget-button\" data-id=\"f72896d\" data-element_type=\"widget\" data-e-type=\"widget\" data-widget_type=\"button.default\">\n\t\t\t\t<div class=\"elementor-widget-container\">\n\t\t\t\t\t\t\t\t\t<div class=\"elementor-button-wrapper\">\n\t\t\t\t\t<a class=\"elementor-button elementor-button-link elementor-size-sm elementor-animation-grow\" href=\"https:\/\/gera.aposto.eu\/\" target=\"_blank\" rel=\"nofollow noopener\">\n\t\t\t\t\t\t<span class=\"elementor-button-content-wrapper\">\n\t\t\t\t\t\t<span class=\"elementor-button-icon\">\n\t\t\t\t<svg xmlns=\"http:\/\/www.w3.org\/2000\/svg\" id=\"Ebene_1\" viewBox=\"0 0 512 512\"><path d=\"M400,464H48V104h192v-32H16v424h416v-224h-32v192Z\"><\/path><path d=\"M304,16v32h137.4l-252.7,252.7,22.6,22.6,252.7-252.7v137.4h32V16h-192Z\"><\/path><\/svg>\t\t\t<\/span>\n\t\t\t\t\t\t\t\t\t<span class=\"elementor-button-text\">Aposto \u2013 Italiener gegen\u00fcber des Theaters<\/span>\n\t\t\t\t\t<\/span>\n\t\t\t\t\t<\/a>\n\t\t\t\t<\/div>\n\t\t\t\t\t\t\t\t<\/div>\n\t\t\t\t<\/div>\n\t\t\t\t<div class=\"elementor-element elementor-element-3074134 elementor-mobile-align-justify elementor-widget-mobile__width-inherit elementor-widget elementor-widget-button\" data-id=\"3074134\" data-element_type=\"widget\" data-e-type=\"widget\" data-widget_type=\"button.default\">\n\t\t\t\t<div class=\"elementor-widget-container\">\n\t\t\t\t\t\t\t\t\t<div class=\"elementor-button-wrapper\">\n\t\t\t\t\t<a class=\"elementor-button elementor-button-link elementor-size-sm elementor-animation-grow\" href=\"https:\/\/www.marco-brauch.de\/kueche-im-keller\/\" target=\"_blank\" rel=\"nofollow noopener\">\n\t\t\t\t\t\t<span class=\"elementor-button-content-wrapper\">\n\t\t\t\t\t\t<span class=\"elementor-button-icon\">\n\t\t\t\t<svg xmlns=\"http:\/\/www.w3.org\/2000\/svg\" id=\"Ebene_1\" viewBox=\"0 0 512 512\"><path d=\"M400,464H48V104h192v-32H16v424h416v-224h-32v192Z\"><\/path><path d=\"M304,16v32h137.4l-252.7,252.7,22.6,22.6,252.7-252.7v137.4h32V16h-192Z\"><\/path><\/svg>\t\t\t<\/span>\n\t\t\t\t\t\t\t\t\t<span class=\"elementor-button-text\">K\u00fcche im Keller \u2013 einfach anders<\/span>\n\t\t\t\t\t<\/span>\n\t\t\t\t\t<\/a>\n\t\t\t\t<\/div>\n\t\t\t\t\t\t\t\t<\/div>\n\t\t\t\t<\/div>\n\t\t\t\t<div class=\"elementor-element elementor-element-aa0a702 elementor-mobile-align-justify elementor-widget-mobile__width-inherit elementor-widget elementor-widget-button\" data-id=\"aa0a702\" data-element_type=\"widget\" data-e-type=\"widget\" data-widget_type=\"button.default\">\n\t\t\t\t<div class=\"elementor-widget-container\">\n\t\t\t\t\t\t\t\t\t<div class=\"elementor-button-wrapper\">\n\t\t\t\t\t<a class=\"elementor-button elementor-button-link elementor-size-sm elementor-animation-grow\" href=\"https:\/\/markt1-gera.de\/\" target=\"_blank\" rel=\"nofollow noopener\">\n\t\t\t\t\t\t<span class=\"elementor-button-content-wrapper\">\n\t\t\t\t\t\t<span class=\"elementor-button-icon\">\n\t\t\t\t<svg xmlns=\"http:\/\/www.w3.org\/2000\/svg\" id=\"Ebene_1\" viewBox=\"0 0 512 512\"><path d=\"M400,464H48V104h192v-32H16v424h416v-224h-32v192Z\"><\/path><path d=\"M304,16v32h137.4l-252.7,252.7,22.6,22.6,252.7-252.7v137.4h32V16h-192Z\"><\/path><\/svg>\t\t\t<\/span>\n\t\t\t\t\t\t\t\t\t<span class=\"elementor-button-text\">Markt 1 \u2013 Steakessen im Rathaus<\/span>\n\t\t\t\t\t<\/span>\n\t\t\t\t\t<\/a>\n\t\t\t\t<\/div>\n\t\t\t\t\t\t\t\t<\/div>\n\t\t\t\t<\/div>\n\t\t\t\t<div class=\"elementor-element elementor-element-c280fc0 elementor-mobile-align-justify elementor-widget-mobile__width-inherit elementor-widget elementor-widget-button\" data-id=\"c280fc0\" data-element_type=\"widget\" data-e-type=\"widget\" data-widget_type=\"button.default\">\n\t\t\t\t<div class=\"elementor-widget-container\">\n\t\t\t\t\t\t\t\t\t<div class=\"elementor-button-wrapper\">\n\t\t\t\t\t<a class=\"elementor-button elementor-button-link elementor-size-sm elementor-animation-grow\" href=\"https:\/\/www.koestritzer-bierhaus-gera.de\/\" target=\"_blank\" rel=\"nofollow noopener\">\n\t\t\t\t\t\t<span class=\"elementor-button-content-wrapper\">\n\t\t\t\t\t\t<span class=\"elementor-button-icon\">\n\t\t\t\t<svg xmlns=\"http:\/\/www.w3.org\/2000\/svg\" id=\"Ebene_1\" viewBox=\"0 0 512 512\"><path d=\"M400,464H48V104h192v-32H16v424h416v-224h-32v192Z\"><\/path><path d=\"M304,16v32h137.4l-252.7,252.7,22.6,22.6,252.7-252.7v137.4h32V16h-192Z\"><\/path><\/svg>\t\t\t<\/span>\n\t\t\t\t\t\t\t\t\t<span class=\"elementor-button-text\">K\u00f6stritzer Bierhaus \u2013 Th\u00fcringer Kl\u00f6\u00dfe<\/span>\n\t\t\t\t\t<\/span>\n\t\t\t\t\t<\/a>\n\t\t\t\t<\/div>\n\t\t\t\t\t\t\t\t<\/div>\n\t\t\t\t<\/div>\n\t\t\t\t<div class=\"elementor-element elementor-element-007e06a elementor-mobile-align-justify elementor-widget-mobile__width-inherit elementor-widget elementor-widget-button\" data-id=\"007e06a\" data-element_type=\"widget\" data-e-type=\"widget\" data-widget_type=\"button.default\">\n\t\t\t\t<div class=\"elementor-widget-container\">\n\t\t\t\t\t\t\t\t\t<div class=\"elementor-button-wrapper\">\n\t\t\t\t\t<a class=\"elementor-button elementor-button-link elementor-size-sm elementor-animation-grow\" href=\"https:\/\/www.restaurant-gruenspecht.de\/\" target=\"_blank\" rel=\"nofollow noopener\">\n\t\t\t\t\t\t<span class=\"elementor-button-content-wrapper\">\n\t\t\t\t\t\t<span class=\"elementor-button-icon\">\n\t\t\t\t<svg xmlns=\"http:\/\/www.w3.org\/2000\/svg\" id=\"Ebene_1\" viewBox=\"0 0 512 512\"><path d=\"M400,464H48V104h192v-32H16v424h416v-224h-32v192Z\"><\/path><path d=\"M304,16v32h137.4l-252.7,252.7,22.6,22.6,252.7-252.7v137.4h32V16h-192Z\"><\/path><\/svg>\t\t\t<\/span>\n\t\t\t\t\t\t\t\t\t<span class=\"elementor-button-text\">Gr\u00fcnspecht \u2013 f\u00fcr Feinschmecker <\/span>\n\t\t\t\t\t<\/span>\n\t\t\t\t\t<\/a>\n\t\t\t\t<\/div>\n\t\t\t\t\t\t\t\t<\/div>\n\t\t\t\t<\/div>\n\t\t\t\t<\/div>\n\t\t\t\t<div class=\"elementor-element elementor-element-eca295d elementor-widget elementor-widget-spacer\" data-id=\"eca295d\" data-element_type=\"widget\" data-e-type=\"widget\" data-widget_type=\"spacer.default\">\n\t\t\t\t<div class=\"elementor-widget-container\">\n\t\t\t\t\t\t\t<div class=\"elementor-spacer\">\n\t\t\t<div class=\"elementor-spacer-inner\"><\/div>\n\t\t<\/div>\n\t\t\t\t\t\t<\/div>\n\t\t\t\t<\/div>\n\t\t\t\t<div class=\"elementor-element elementor-element-2d71e21 elementor-view-default elementor-widget elementor-widget-icon\" data-id=\"2d71e21\" data-element_type=\"widget\" data-e-type=\"widget\" data-settings=\"{&quot;motion_fx_motion_fx_scrolling&quot;:&quot;yes&quot;,&quot;motion_fx_rotateZ_effect&quot;:&quot;yes&quot;,&quot;motion_fx_rotateZ_speed&quot;:{&quot;unit&quot;:&quot;px&quot;,&quot;size&quot;:1,&quot;sizes&quot;:[]},&quot;motion_fx_rotateZ_affectedRange&quot;:{&quot;unit&quot;:&quot;%&quot;,&quot;size&quot;:&quot;&quot;,&quot;sizes&quot;:{&quot;start&quot;:0,&quot;end&quot;:100}},&quot;motion_fx_devices&quot;:[&quot;desktop&quot;,&quot;tablet&quot;,&quot;mobile&quot;]}\" data-widget_type=\"icon.default\">\n\t\t\t\t<div class=\"elementor-widget-container\">\n\t\t\t\t\t\t\t<div class=\"elementor-icon-wrapper\">\n\t\t\t<div class=\"elementor-icon\">\n\t\t\t<svg xmlns=\"http:\/\/www.w3.org\/2000\/svg\" id=\"Ebene_1\" viewBox=\"0 0 500 500\"><path d=\"M495.8,261.9c-2.8-5.4-7.1-9.7-12.8-12.9-5.7-3.2-13-4.8-22-4.8h-152.2c-1.2-12-5.9-22.9-13.2-31.7l50-50c19.3,3.6,35.5,4.9,48.7,3.7,13.2-1.1,24-3.7,32.4-7.8,8.5-4,15.4-8.7,20.7-14,5.7-5.7,9.2-11.6,10.6-17.6,1.4-6.1,1.1-11.9-.9-17.5-2-5.6-5.2-10.6-9.6-15.1-4.5-4.5-9.7-7.7-15.5-9.5-5.8-1.8-11.8-1.8-18.1,0-6.3,1.8-12.6,5.8-19,12.2l-107.6,107.6c-8.8-7.2-19.7-12-31.7-13.1v-70.8c16.2-11.1,28.6-21.7,37.1-31.8,8.5-10.1,14.3-19.6,17.5-28.4,3.1-8.8,4.7-17,4.7-24.6s-1.6-14.7-4.9-20c-3.3-5.3-7.6-9.2-13-11.8C291.7,1.3,285.9,0,279.6,0s-12.3,1.4-17.7,4.2c-5.4,2.8-9.7,7.1-12.9,12.8-3.2,5.7-4.8,13-4.8,22v152.2c-12,1.2-22.9,5.9-31.7,13.2l-50-50c3.6-19.3,4.9-35.5,3.7-48.7-1.1-13.2-3.7-24-7.8-32.4-4-8.5-8.7-15.4-14-20.7-5.7-5.7-11.6-9.2-17.6-10.6-6.1-1.4-11.9-1.1-17.5.9-5.6,2-10.6,5.2-15.1,9.6-4.5,4.5-7.7,9.7-9.5,15.5-1.8,5.8-1.8,11.8,0,18.1,1.8,6.3,5.8,12.6,12.2,19l107.6,107.6c-7.2,8.8-12,19.7-13.1,31.7h-70.8c-11.1-16.2-21.7-28.6-31.8-37.1-10.1-8.5-19.6-14.3-28.4-17.5-8.8-3.1-17-4.7-24.6-4.7s-14.7,1.6-20,4.9c-5.3,3.3-9.2,7.6-11.8,13-2.6,5.4-3.9,11.2-3.9,17.5s1.4,12.3,4.2,17.7c2.8,5.4,7.1,9.7,12.8,12.9,5.7,3.2,13,4.8,22,4.8h152.2c1.2,12,5.9,22.9,13.2,31.7l-50,50c-19.3-3.6-35.5-4.9-48.7-3.7-13.2,1.1-24,3.7-32.4,7.8-8.5,4-15.4,8.7-20.7,14-5.7,5.7-9.2,11.6-10.6,17.6-1.4,6.1-1.1,11.9.9,17.5,2,5.6,5.2,10.6,9.6,15.1,4.5,4.5,9.7,7.7,15.5,9.5,5.8,1.8,11.8,1.8,18.1,0,6.3-1.8,12.6-5.8,19-12.2l107.6-107.6c8.8,7.2,19.7,12,31.7,13.1v70.8c-16.2,11.1-28.6,21.7-37.1,31.8-8.5,10.1-14.3,19.6-17.5,28.4-3.1,8.8-4.7,17-4.7,24.6s1.6,14.7,4.9,20c3.3,5.3,7.6,9.2,13,11.8,5.4,2.6,11.2,3.9,17.5,3.9s12.3-1.4,17.7-4.2c5.4-2.8,9.7-7.1,12.9-12.8,3.2-5.7,4.8-13,4.8-22v-152.2c12-1.2,22.9-5.9,31.7-13.2l50,50c-3.6,19.3-4.9,35.5-3.7,48.7,1.1,13.2,3.7,24,7.8,32.4,4,8.5,8.7,15.4,14,20.7,5.7,5.7,11.6,9.2,17.6,10.6,6.1,1.4,11.9,1.1,17.5-.9,5.6-2,10.6-5.2,15.1-9.6,4.5-4.5,7.7-9.7,9.5-15.5,1.8-5.8,1.8-11.8,0-18.1-1.8-6.3-5.8-12.6-12.2-19l-107.6-107.6c7.2-8.8,12-19.7,13.1-31.7h70.8c11.1,16.2,21.7,28.6,31.8,37.1,10.1,8.5,19.6,14.3,28.4,17.5,8.8,3.1,17,4.7,24.6,4.7s14.7-1.6,20-4.9c5.3-3.3,9.2-7.6,11.8-13,2.6-5.4,3.9-11.2,3.9-17.5s-1.4-12.3-4.2-17.7ZM403.6,104.5c4.7-4.7,9.3-7.7,13.8-9,4.5-1.4,8.8-1.4,12.8,0,4,1.4,7.5,3.6,10.6,6.6,4.3,4.3,6.7,9.6,7.1,15.9.4,6.3-2.6,12.6-8.9,19-4.4,4.4-10.1,8.4-17,11.9-6.9,3.5-15.8,5.8-26.7,7-10.9,1.1-24.4.3-40.4-2.6l48.9-48.9ZM255.8,38.5c0-6.6,1.1-12,3.4-16.1,2.2-4.2,5.3-7.2,9-9,3.8-1.8,7.8-2.8,12.2-2.8s11.5,2.1,16.3,6.3c4.7,4.2,7.1,10.8,7.1,19.7s-1.2,13.1-3.6,20.5c-2.4,7.4-7.1,15.3-14,23.8-6.9,8.5-17,17.4-30.3,26.7V38.5ZM153.4,145.3l-48.9-48.9c-4.7-4.7-7.7-9.3-9-13.8-1.4-4.5-1.4-8.8,0-12.8,1.4-4,3.6-7.5,6.6-10.6,4.3-4.3,9.6-6.7,15.9-7.1,6.3-.4,12.6,2.6,19,8.9,4.4,4.4,8.4,10.1,11.9,17,3.5,6.9,5.8,15.8,7,26.7,1.1,10.9.3,24.4-2.6,40.4ZM38.5,244.2c-6.6,0-12-1.1-16.1-3.4-4.2-2.2-7.2-5.3-9-9-1.8-3.8-2.8-7.8-2.8-12.2s2.1-11.5,6.3-16.3c4.2-4.7,10.8-7.1,19.7-7.1s13.1,1.2,20.5,3.6c7.4,2.4,15.3,7.1,23.8,14,8.5,6.9,17.4,17,26.7,30.3H38.5ZM96.4,395.5c-4.7,4.7-9.3,7.7-13.8,9-4.5,1.4-8.8,1.4-12.8,0-4-1.4-7.5-3.6-10.6-6.6-4.3-4.3-6.7-9.6-7.1-15.9-.4-6.3,2.6-12.6,8.9-19,4.4-4.4,10.1-8.4,17-11.9,6.9-3.5,15.8-5.8,26.7-7,10.9-1.1,24.4-.3,40.4,2.6l-48.9,48.9ZM244.2,461.5c0,6.6-1.1,12-3.4,16.1-2.2,4.2-5.3,7.2-9,9-3.8,1.8-7.8,2.8-12.2,2.8s-11.5-2.1-16.3-6.3c-4.7-4.2-7.1-10.8-7.1-19.7s1.2-13.1,3.6-20.5c2.4-7.4,7.1-15.3,14-23.8,6.9-8.5,17-17.4,30.3-26.7v69.1ZM346.6,354.7l48.9,48.9c4.7,4.7,7.7,9.3,9,13.8,1.4,4.5,1.4,8.8,0,12.8-1.4,4-3.6,7.5-6.6,10.6-4.3,4.3-9.6,6.7-15.9,7.1-6.3.4-12.6-2.6-19-8.9-4.4-4.4-8.4-10.1-11.9-17-3.5-6.9-5.8-15.8-7-26.7-1.1-10.9-.3-24.4,2.6-40.4ZM250,298.5c-26.8,0-48.5-21.7-48.5-48.5s21.7-48.5,48.5-48.5,48.5,21.7,48.5,48.5-21.7,48.5-48.5,48.5ZM483.1,296.6c-4.2,4.7-10.8,7.1-19.7,7.1s-13.1-1.2-20.5-3.6c-7.4-2.4-15.3-7.1-23.8-14-8.5-6.9-17.4-17-26.7-30.3h69.1c6.6,0,12,1.1,16.1,3.4,4.2,2.2,7.2,5.3,9,9,1.8,3.8,2.8,7.8,2.8,12.2s-2.1,11.5-6.3,16.3Z\"><\/path><\/svg>\t\t\t<\/div>\n\t\t<\/div>\n\t\t\t\t\t\t<\/div>\n\t\t\t\t<\/div>\n\t\t\t\t\t<\/div>\n\t\t\t\t<\/div>\n\t\t\t\t<\/div>\n\t\t","protected":false},"excerpt":{"rendered":"<p>Restaurants in Gera Reservierung von Vorteil. R\u00fcbezahl (neben Hotel) Lummersches Backhaus \u2013 feine K\u00fcche in bester Lage Aposto \u2013 Italiener gegen\u00fcber des Theaters K\u00fcche im Keller \u2013 einfach anders Markt 1 \u2013 Steakessen im Rathaus K\u00f6stritzer Bierhaus \u2013 Th\u00fcringer Kl\u00f6\u00dfe Gr\u00fcnspecht \u2013 f\u00fcr Feinschmecker<\/p>","protected":false},"author":1,"featured_media":0,"parent":0,"menu_order":4,"comment_status":"closed","ping_status":"closed","template":"","meta":{"footnotes":""},"class_list":["post-1573","page","type-page","status-publish","hentry"],"_links":{"self":[{"href":"https:\/\/www.villa-jahr.com\/en\/wp-json\/wp\/v2\/pages\/1573","targetHints":{"allow":["GET"]}}],"collection":[{"href":"https:\/\/www.villa-jahr.com\/en\/wp-json\/wp\/v2\/pages"}],"about":[{"href":"https:\/\/www.villa-jahr.com\/en\/wp-json\/wp\/v2\/types\/page"}],"author":[{"embeddable":true,"href":"https:\/\/www.villa-jahr.com\/en\/wp-json\/wp\/v2\/users\/1"}],"replies":[{"embeddable":true,"href":"https:\/\/www.villa-jahr.com\/en\/wp-json\/wp\/v2\/comments?post=1573"}],"version-history":[{"count":5,"href":"https:\/\/www.villa-jahr.com\/en\/wp-json\/wp\/v2\/pages\/1573\/revisions"}],"predecessor-version":[{"id":1876,"href":"https:\/\/www.villa-jahr.com\/en\/wp-json\/wp\/v2\/pages\/1573\/revisions\/1876"}],"wp:attachment":[{"href":"https:\/\/www.villa-jahr.com\/en\/wp-json\/wp\/v2\/media?parent=1573"}],"curies":[{"name":"wp","href":"https:\/\/api.w.org\/{rel}","templated":true}]}}