{"id":913,"date":"2025-05-19T11:51:05","date_gmt":"2025-05-19T09:51:05","guid":{"rendered":"https:\/\/www.villa-jahr.com\/?page_id=913"},"modified":"2025-06-27T06:33:15","modified_gmt":"2025-06-27T04:33:15","slug":"die-veranstaltung","status":"publish","type":"page","link":"https:\/\/www.villa-jahr.com\/en\/die-veranstaltung\/","title":{"rendered":"The event"},"content":{"rendered":"<div data-elementor-type=\"wp-page\" data-elementor-id=\"913\" class=\"elementor elementor-913\" data-elementor-post-type=\"page\">\n\t\t\t\t<div class=\"elementor-element elementor-element-9c397cc e-flex e-con-boxed e-con e-parent\" data-id=\"9c397cc\" data-element_type=\"container\" data-e-type=\"container\" data-settings=\"{&quot;background_background&quot;:&quot;classic&quot;}\">\n\t\t\t\t\t<div class=\"e-con-inner\">\n\t\t\t\t<div class=\"elementor-element elementor-element-b7c593d elementor-widget elementor-widget-heading\" data-id=\"b7c593d\" data-element_type=\"widget\" data-e-type=\"widget\" data-widget_type=\"heading.default\">\n\t\t\t\t<div class=\"elementor-widget-container\">\n\t\t\t\t\t<h1 class=\"elementor-heading-title elementor-size-default\">The event<\/h1>\t\t\t\t<\/div>\n\t\t\t\t<\/div>\n\t\t\t\t\t<\/div>\n\t\t\t\t<\/div>\n\t\t<div class=\"elementor-element elementor-element-4066606 e-flex e-con-boxed e-con e-parent\" data-id=\"4066606\" data-element_type=\"container\" data-e-type=\"container\">\n\t\t\t\t\t<div class=\"e-con-inner\">\n\t\t\t\t<div class=\"elementor-element elementor-element-e401aab elementor-view-default elementor-widget elementor-widget-icon\" data-id=\"e401aab\" data-element_type=\"widget\" data-e-type=\"widget\" data-widget_type=\"icon.default\">\n\t\t\t\t<div class=\"elementor-widget-container\">\n\t\t\t\t\t\t\t<div class=\"elementor-icon-wrapper\">\n\t\t\t<div class=\"elementor-icon\">\n\t\t\t<svg xmlns=\"http:\/\/www.w3.org\/2000\/svg\" id=\"Ebene_1\" viewbox=\"0 0 500 500\"><path d=\"M495.8,261.9c-2.8-5.4-7.1-9.7-12.8-12.9-5.7-3.2-13-4.8-22-4.8h-152.2c-1.2-12-5.9-22.9-13.2-31.7l50-50c19.3,3.6,35.5,4.9,48.7,3.7,13.2-1.1,24-3.7,32.4-7.8,8.5-4,15.4-8.7,20.7-14,5.7-5.7,9.2-11.6,10.6-17.6,1.4-6.1,1.1-11.9-.9-17.5-2-5.6-5.2-10.6-9.6-15.1-4.5-4.5-9.7-7.7-15.5-9.5-5.8-1.8-11.8-1.8-18.1,0-6.3,1.8-12.6,5.8-19,12.2l-107.6,107.6c-8.8-7.2-19.7-12-31.7-13.1v-70.8c16.2-11.1,28.6-21.7,37.1-31.8,8.5-10.1,14.3-19.6,17.5-28.4,3.1-8.8,4.7-17,4.7-24.6s-1.6-14.7-4.9-20c-3.3-5.3-7.6-9.2-13-11.8C291.7,1.3,285.9,0,279.6,0s-12.3,1.4-17.7,4.2c-5.4,2.8-9.7,7.1-12.9,12.8-3.2,5.7-4.8,13-4.8,22v152.2c-12,1.2-22.9,5.9-31.7,13.2l-50-50c3.6-19.3,4.9-35.5,3.7-48.7-1.1-13.2-3.7-24-7.8-32.4-4-8.5-8.7-15.4-14-20.7-5.7-5.7-11.6-9.2-17.6-10.6-6.1-1.4-11.9-1.1-17.5.9-5.6,2-10.6,5.2-15.1,9.6-4.5,4.5-7.7,9.7-9.5,15.5-1.8,5.8-1.8,11.8,0,18.1,1.8,6.3,5.8,12.6,12.2,19l107.6,107.6c-7.2,8.8-12,19.7-13.1,31.7h-70.8c-11.1-16.2-21.7-28.6-31.8-37.1-10.1-8.5-19.6-14.3-28.4-17.5-8.8-3.1-17-4.7-24.6-4.7s-14.7,1.6-20,4.9c-5.3,3.3-9.2,7.6-11.8,13-2.6,5.4-3.9,11.2-3.9,17.5s1.4,12.3,4.2,17.7c2.8,5.4,7.1,9.7,12.8,12.9,5.7,3.2,13,4.8,22,4.8h152.2c1.2,12,5.9,22.9,13.2,31.7l-50,50c-19.3-3.6-35.5-4.9-48.7-3.7-13.2,1.1-24,3.7-32.4,7.8-8.5,4-15.4,8.7-20.7,14-5.7,5.7-9.2,11.6-10.6,17.6-1.4,6.1-1.1,11.9.9,17.5,2,5.6,5.2,10.6,9.6,15.1,4.5,4.5,9.7,7.7,15.5,9.5,5.8,1.8,11.8,1.8,18.1,0,6.3-1.8,12.6-5.8,19-12.2l107.6-107.6c8.8,7.2,19.7,12,31.7,13.1v70.8c-16.2,11.1-28.6,21.7-37.1,31.8-8.5,10.1-14.3,19.6-17.5,28.4-3.1,8.8-4.7,17-4.7,24.6s1.6,14.7,4.9,20c3.3,5.3,7.6,9.2,13,11.8,5.4,2.6,11.2,3.9,17.5,3.9s12.3-1.4,17.7-4.2c5.4-2.8,9.7-7.1,12.9-12.8,3.2-5.7,4.8-13,4.8-22v-152.2c12-1.2,22.9-5.9,31.7-13.2l50,50c-3.6,19.3-4.9,35.5-3.7,48.7,1.1,13.2,3.7,24,7.8,32.4,4,8.5,8.7,15.4,14,20.7,5.7,5.7,11.6,9.2,17.6,10.6,6.1,1.4,11.9,1.1,17.5-.9,5.6-2,10.6-5.2,15.1-9.6,4.5-4.5,7.7-9.7,9.5-15.5,1.8-5.8,1.8-11.8,0-18.1-1.8-6.3-5.8-12.6-12.2-19l-107.6-107.6c7.2-8.8,12-19.7,13.1-31.7h70.8c11.1,16.2,21.7,28.6,31.8,37.1,10.1,8.5,19.6,14.3,28.4,17.5,8.8,3.1,17,4.7,24.6,4.7s14.7-1.6,20-4.9c5.3-3.3,9.2-7.6,11.8-13,2.6-5.4,3.9-11.2,3.9-17.5s-1.4-12.3-4.2-17.7ZM403.6,104.5c4.7-4.7,9.3-7.7,13.8-9,4.5-1.4,8.8-1.4,12.8,0,4,1.4,7.5,3.6,10.6,6.6,4.3,4.3,6.7,9.6,7.1,15.9.4,6.3-2.6,12.6-8.9,19-4.4,4.4-10.1,8.4-17,11.9-6.9,3.5-15.8,5.8-26.7,7-10.9,1.1-24.4.3-40.4-2.6l48.9-48.9ZM255.8,38.5c0-6.6,1.1-12,3.4-16.1,2.2-4.2,5.3-7.2,9-9,3.8-1.8,7.8-2.8,12.2-2.8s11.5,2.1,16.3,6.3c4.7,4.2,7.1,10.8,7.1,19.7s-1.2,13.1-3.6,20.5c-2.4,7.4-7.1,15.3-14,23.8-6.9,8.5-17,17.4-30.3,26.7V38.5ZM153.4,145.3l-48.9-48.9c-4.7-4.7-7.7-9.3-9-13.8-1.4-4.5-1.4-8.8,0-12.8,1.4-4,3.6-7.5,6.6-10.6,4.3-4.3,9.6-6.7,15.9-7.1,6.3-.4,12.6,2.6,19,8.9,4.4,4.4,8.4,10.1,11.9,17,3.5,6.9,5.8,15.8,7,26.7,1.1,10.9.3,24.4-2.6,40.4ZM38.5,244.2c-6.6,0-12-1.1-16.1-3.4-4.2-2.2-7.2-5.3-9-9-1.8-3.8-2.8-7.8-2.8-12.2s2.1-11.5,6.3-16.3c4.2-4.7,10.8-7.1,19.7-7.1s13.1,1.2,20.5,3.6c7.4,2.4,15.3,7.1,23.8,14,8.5,6.9,17.4,17,26.7,30.3H38.5ZM96.4,395.5c-4.7,4.7-9.3,7.7-13.8,9-4.5,1.4-8.8,1.4-12.8,0-4-1.4-7.5-3.6-10.6-6.6-4.3-4.3-6.7-9.6-7.1-15.9-.4-6.3,2.6-12.6,8.9-19,4.4-4.4,10.1-8.4,17-11.9,6.9-3.5,15.8-5.8,26.7-7,10.9-1.1,24.4-.3,40.4,2.6l-48.9,48.9ZM244.2,461.5c0,6.6-1.1,12-3.4,16.1-2.2,4.2-5.3,7.2-9,9-3.8,1.8-7.8,2.8-12.2,2.8s-11.5-2.1-16.3-6.3c-4.7-4.2-7.1-10.8-7.1-19.7s1.2-13.1,3.6-20.5c2.4-7.4,7.1-15.3,14-23.8,6.9-8.5,17-17.4,30.3-26.7v69.1ZM346.6,354.7l48.9,48.9c4.7,4.7,7.7,9.3,9,13.8,1.4,4.5,1.4,8.8,0,12.8-1.4,4-3.6,7.5-6.6,10.6-4.3,4.3-9.6,6.7-15.9,7.1-6.3.4-12.6-2.6-19-8.9-4.4-4.4-8.4-10.1-11.9-17-3.5-6.9-5.8-15.8-7-26.7-1.1-10.9-.3-24.4,2.6-40.4ZM250,298.5c-26.8,0-48.5-21.7-48.5-48.5s21.7-48.5,48.5-48.5,48.5,21.7,48.5,48.5-21.7,48.5-48.5,48.5ZM483.1,296.6c-4.2,4.7-10.8,7.1-19.7,7.1s-13.1-1.2-20.5-3.6c-7.4-2.4-15.3-7.1-23.8-14-8.5-6.9-17.4-17-26.7-30.3h69.1c6.6,0,12,1.1,16.1,3.4,4.2,2.2,7.2,5.3,9,9,1.8,3.8,2.8,7.8,2.8,12.2s-2.1,11.5-6.3,16.3Z\"><\/path><\/svg>\t\t\t<\/div>\n\t\t<\/div>\n\t\t\t\t\t\t<\/div>\n\t\t\t\t<\/div>\n\t\t\t\t<div class=\"elementor-element elementor-element-b33356a elementor-widget elementor-widget-heading\" data-id=\"b33356a\" data-element_type=\"widget\" data-e-type=\"widget\" data-widget_type=\"heading.default\">\n\t\t\t\t<div class=\"elementor-widget-container\">\n\t\t\t\t\t<h1 class=\"elementor-heading-title elementor-size-default\">Ceremonial reopening of the Villa Jahr<\/h1>\t\t\t\t<\/div>\n\t\t\t\t<\/div>\n\t\t\t\t<div class=\"elementor-element elementor-element-d1aa774 elementor-widget elementor-widget-heading\" data-id=\"d1aa774\" data-element_type=\"widget\" data-e-type=\"widget\" data-widget_type=\"heading.default\">\n\t\t\t\t<div class=\"elementor-widget-container\">\n\t\t\t\t\t<h1 class=\"elementor-heading-title elementor-size-default\">on 14 September 2025, from 6 pm<\/h1>\t\t\t\t<\/div>\n\t\t\t\t<\/div>\n\t\t\t\t<div class=\"elementor-element elementor-element-8cb1daf elementor-widget elementor-widget-spacer\" data-id=\"8cb1daf\" data-element_type=\"widget\" data-e-type=\"widget\" data-widget_type=\"spacer.default\">\n\t\t\t\t<div class=\"elementor-widget-container\">\n\t\t\t\t\t\t\t<div class=\"elementor-spacer\">\n\t\t\t<div class=\"elementor-spacer-inner\"><\/div>\n\t\t<\/div>\n\t\t\t\t\t\t<\/div>\n\t\t\t\t<\/div>\n\t\t\t\t<div class=\"elementor-element elementor-element-de1a2bc elementor-hidden-tablet elementor-hidden-mobile elementor-widget elementor-widget-text-editor\" data-id=\"de1a2bc\" data-element_type=\"widget\" data-e-type=\"widget\" data-widget_type=\"text-editor.default\">\n\t\t\t\t<div class=\"elementor-widget-container\">\n\t\t\t\t\t\t\t\t\t<p class=\"p1 translation-block\">There are places that speak if you listen to them carefully - they tell stories of what was, and what will be. Villa Jahr in Gera is such a place. A space where thoughts take root. A garden where ideas blossom. A home for change, for the future, for diversity.<\/p><p class=\"p1 translation-block\">As part of the Open Monument Day, whose central events for Germany are taking place in Gera this year, we cordially invite you to experience this special place anew together with us - to feel what is growing and to see what is unfolding and connecting.<\/p>\t\t\t\t\t\t\t\t<\/div>\n\t\t\t\t<\/div>\n\t\t\t\t<div class=\"elementor-element elementor-element-da48c57 elementor-hidden-desktop elementor-widget elementor-widget-text-editor\" data-id=\"da48c57\" data-element_type=\"widget\" data-e-type=\"widget\" data-widget_type=\"text-editor.default\">\n\t\t\t\t<div class=\"elementor-widget-container\">\n\t\t\t\t\t\t\t\t\t<p class=\"p1\">Es gibt Orte, die sprechen, wenn man ihnen genau zuh\u00f6rt \u2013&nbsp;sie erz\u00e4hlen Geschichten von dem, was war,&nbsp;und dem, was wird.&nbsp;Die Villa Jahr in Gera ist solch ein Ort.&nbsp;Ein Raum, in dem Gedanken Wurzeln schlagen.&nbsp;Ein Garten, in dem Ideen aufbl\u00fchen.&nbsp;Ein Zuhause f\u00fcr Wandel, f\u00fcr Zukunft, f\u00fcr Vielfalt.<\/p>\n<p class=\"p1\">Im Rahmen des Tags des offenen Denkmals,&nbsp;dessen zentrale Veranstaltungen f\u00fcr Deutschland&nbsp;in diesem Jahr&nbsp;in Gera stattfinden, laden wir Sie herzlich ein,&nbsp;diesen besonderen Ort gemeinsam mit uns <br>neu zu erleben \u2013&nbsp;zu sp\u00fcren, was w\u00e4chst, und zu sehen, was sich entfaltet und verbindet.<\/p>\t\t\t\t\t\t\t\t<\/div>\n\t\t\t\t<\/div>\n\t\t\t\t<div class=\"elementor-element elementor-element-6c4424a elementor-widget elementor-widget-spacer\" data-id=\"6c4424a\" data-element_type=\"widget\" data-e-type=\"widget\" data-widget_type=\"spacer.default\">\n\t\t\t\t<div class=\"elementor-widget-container\">\n\t\t\t\t\t\t\t<div class=\"elementor-spacer\">\n\t\t\t<div class=\"elementor-spacer-inner\"><\/div>\n\t\t<\/div>\n\t\t\t\t\t\t<\/div>\n\t\t\t\t<\/div>\n\t\t\t\t<div class=\"elementor-element elementor-element-f1d0a23 elementor-widget__width-initial elementor-widget-mobile__width-inherit elementor-widget elementor-widget-text-editor\" data-id=\"f1d0a23\" data-element_type=\"widget\" data-e-type=\"widget\" data-widget_type=\"text-editor.default\">\n\t\t\t\t<div class=\"elementor-widget-container\">\n\t\t\t\t\t\t\t\t\t<p class=\"p1 translation-block\"><strong>As an exclusively invited guest, we look forward to welcoming you on 14 September 2025, from 6 p.m., to the festive reopening of Villa Jahr in Gera as a place of exchange and networking framed by Santana in the middle of Germany.<\/strong><\/p>\t\t\t\t\t\t\t\t<\/div>\n\t\t\t\t<\/div>\n\t\t\t\t<div class=\"elementor-element elementor-element-f8b53c7 elementor-widget elementor-widget-spacer\" data-id=\"f8b53c7\" data-element_type=\"widget\" data-e-type=\"widget\" data-widget_type=\"spacer.default\">\n\t\t\t\t<div class=\"elementor-widget-container\">\n\t\t\t\t\t\t\t<div class=\"elementor-spacer\">\n\t\t\t<div class=\"elementor-spacer-inner\"><\/div>\n\t\t<\/div>\n\t\t\t\t\t\t<\/div>\n\t\t\t\t<\/div>\n\t\t\t\t<div class=\"elementor-element elementor-element-22f373f elementor-hidden-mobile elementor-invisible elementor-widget elementor-widget-video\" data-id=\"22f373f\" data-element_type=\"widget\" data-e-type=\"widget\" data-settings=\"{&quot;youtube_url&quot;:&quot;https:\\\/\\\/youtu.be\\\/5EZ96Ivr_T8?si=SUfRezmjKm1phWOH&quot;,&quot;_animation&quot;:&quot;fadeInUp&quot;,&quot;cc_load_policy&quot;:&quot;yes&quot;,&quot;yt_privacy&quot;:&quot;yes&quot;,&quot;video_type&quot;:&quot;youtube&quot;,&quot;controls&quot;:&quot;yes&quot;}\" data-widget_type=\"video.default\">\n\t\t\t\t<div class=\"elementor-widget-container\">\n\t\t\t\t\t\t\t<div class=\"elementor-wrapper elementor-open-inline\">\n\t\t\t<div class=\"elementor-video\"> <div class=\"brlbs-cmpnt-container brlbs-cmpnt-content-blocker brlbs-cmpnt-with-individual-styles\" data-borlabs-cookie-content-blocker-id=\"youtube-content-blocker\" data-borlabs-cookie-content=\"PHNjcmlwdD4KKGZ1bmN0aW9uKCkgewogICAgbGV0IGQgPSBudWxsOwoKICAgIC8vIGlmIHdlIGFyZSBpbiBhIGxvb3AsIHdlIG5lZWQgdG8gc2VsZWN0IHRoZSBjb3JyZWN0IHZpZGVvIGVsZW1lbnQsIHNpbmNlIFdpZGdldCBJRCBvY2N1cnMgbXVsdGlwbGUgdGltZXMgb24gcGFnZQogICAgY29uc3QgZWxlbXNJbkxvb3AgPSBkb2N1bWVudC5xdWVyeVNlbGVjdG9yQWxsKCc6aXMoZGl2W2RhdGEtZWxlbWVudG9yLXR5cGU9Imxvb3AtaXRlbSJdLGRpdltkYXRhLWVsZW1lbnRvci10eXBlPSJqZXQtbGlzdGluZy1pdGVtcyJdLGRpdltkYXRhLXdpZGdldF90eXBlXj0icHJlbWl1bS1hZGRvbi10YWJzLiJdKSBkaXYuZWxlbWVudG9yLWVsZW1lbnQtMjJmMzczZicpOwogICAgaWYgKGVsZW1zSW5Mb29wLmxlbmd0aCA9PT0gMSkgewogICAgICAgIGQgPSBlbGVtc0luTG9vcFswXTsKICAgIH0gZWxzZSBpZiAoZWxlbXNJbkxvb3AubGVuZ3RoID4gMSkgewogICAgICAgIGlmICh0eXBlb2YgZG9jdW1lbnQuY3VycmVudFNjcmlwdCA9PT0gJ3VuZGVmaW5lZCcgfHwgZG9jdW1lbnQuY3VycmVudFNjcmlwdCA9PSBudWxsKSB7CiAgICAgICAgICAgIHJldHVybjsKICAgICAgICB9CiAgICAgICAgY29uc3QgdG1wVmlkZW9XaWRnZXQgPSBkb2N1bWVudC5jdXJyZW50U2NyaXB0LmNsb3Nlc3QoJ1tkYXRhLXdpZGdldF90eXBlPSJicmxic192aWRlby5kZWZhdWx0Il0nKTsKICAgICAgICBpZiAodG1wVmlkZW9XaWRnZXQpIHsKICAgICAgICAgICAgZCA9IHRtcFZpZGVvV2lkZ2V0OwogICAgICAgIH0KICAgIH0KCiAgICBpZiAoZCA9PSBudWxsKSB7CiAgICAgICAgZCA9IGRvY3VtZW50LnF1ZXJ5U2VsZWN0b3IoJ2Rpdi5lbGVtZW50b3ItZWxlbWVudC0yMmYzNzNmJyk7CiAgICB9CgogICAgaWYgKGQgPT0gbnVsbCkgewogICAgICAgIHJldHVybjsKICAgIH0KICAgIGQuZGF0YXNldC53aWRnZXRfdHlwZSA9IGQuZGF0YXNldC53aWRnZXRfdHlwZS5yZXBsYWNlKCdicmxic18nLCAnJyk7CiAgICBkLmRhdGFzZXQuYnJsYnNVbmJsb2NrZWQgPSAndHJ1ZSc7CgogICAgY29uc3QgaW50ZXJ2YWwgPSBzZXRJbnRlcnZhbCgoKSA9PiB7CiAgICAgICAgaWYgKHR5cGVvZiBlbGVtZW50b3JGcm9udGVuZCAhPT0gJ3VuZGVmaW5lZCcgJiYgdHlwZW9mIGVsZW1lbnRvckZyb250ZW5kLmhvb2tzICE9PSAndW5kZWZpbmVkJykgewogICAgICAgICAgICBjbGVhckludGVydmFsKGludGVydmFsKTsKICAgICAgICAgICAgZWxlbWVudG9yRnJvbnRlbmQuaG9va3MuZG9BY3Rpb24oJ2Zyb250ZW5kL2VsZW1lbnRfcmVhZHkvdmlkZW8uZGVmYXVsdCcsIGpRdWVyeShkKSwgalF1ZXJ5KQogICAgICAgIH0KICAgIH0sIDMwKQp9KSgpOwo8L3NjcmlwdD4=\"><div class=\"brlbs-cmpnt-cb-preset-c brlbs-cmpnt-cb-youtube\"> <div class=\"brlbs-cmpnt-cb-thumbnail\" style=\"background-image: url('https:\/\/www.villa-jahr.com\/wp-content\/uploads\/borlabs-cookie\/1\/yt_5EZ96Ivr_T8_hqdefault.jpg')\"><\/div> <div class=\"brlbs-cmpnt-cb-main\"> <div class=\"brlbs-cmpnt-cb-play-button\"><\/div> <div class=\"brlbs-cmpnt-cb-content\"> <p class=\"brlbs-cmpnt-cb-description\">Sie sehen gerade einen Platzhalterinhalt von <strong>YouTube<\/strong>. Um auf den eigentlichen Inhalt zuzugreifen, klicken Sie auf die Schaltfl\u00e4che unten. Bitte beachten Sie, dass dabei Daten an Drittanbieter weitergegeben werden.<\/p> <a class=\"brlbs-cmpnt-cb-provider-toggle\" href=\"#\" data-borlabs-cookie-show-provider-information role=\"button\">Mehr Informationen<\/a> <\/div> <div class=\"brlbs-cmpnt-cb-buttons\"> <a class=\"brlbs-cmpnt-cb-btn\" href=\"#\" data-borlabs-cookie-unblock role=\"button\">Inhalt entsperren<\/a> <a class=\"brlbs-cmpnt-cb-btn\" href=\"#\" data-borlabs-cookie-accept-service role=\"button\" style=\"display: inherit\">Erforderlichen Service akzeptieren und Inhalte entsperren<\/a> <\/div> <\/div> <\/div><\/div><\/div>\t\t<\/div>\n\t\t\t\t\t\t<\/div>\n\t\t\t\t<\/div>\n\t\t\t\t<div class=\"elementor-element elementor-element-85ad462 elementor-hidden-desktop elementor-hidden-tablet elementor-widget elementor-widget-html\" data-id=\"85ad462\" data-element_type=\"widget\" data-e-type=\"widget\" data-widget_type=\"html.default\">\n\t\t\t\t<div class=\"elementor-widget-container\">\n\t\t\t\t\t <div class=\"brlbs-cmpnt-container brlbs-cmpnt-content-blocker brlbs-cmpnt-with-individual-styles\" data-borlabs-cookie-content-blocker-id=\"youtube-content-blocker\" data-borlabs-cookie-content=\"PGlmcmFtZSB3aWR0aD0iNTYwIiBoZWlnaHQ9IjMwNSIgc3JjPSJodHRwczovL3d3dy55b3V0dWJlLW5vY29va2llLmNvbS9lbWJlZC81RVo5Nkl2cl9UOD9zaT1TVWZSZXptakttMXBoV09IIiB0aXRsZT0iWW91VHViZSB2aWRlbyBwbGF5ZXIiIGZyYW1lYm9yZGVyPSIwIiBhbGxvdz0iYWNjZWxlcm9tZXRlcjsgYXV0b3BsYXk7IGNsaXBib2FyZC13cml0ZTsgZW5jcnlwdGVkLW1lZGlhOyBneXJvc2NvcGU7IHBpY3R1cmUtaW4tcGljdHVyZTsgd2ViLXNoYXJlIiByZWZlcnJlcnBvbGljeT0ic3RyaWN0LW9yaWdpbi13aGVuLWNyb3NzLW9yaWdpbiIgYWxsb3dmdWxsc2NyZWVuPjwvaWZyYW1lPg==\"><div class=\"brlbs-cmpnt-cb-preset-c brlbs-cmpnt-cb-youtube\"> <div class=\"brlbs-cmpnt-cb-thumbnail\" style=\"background-image: url('https:\/\/www.villa-jahr.com\/wp-content\/uploads\/borlabs-cookie\/1\/yt_5EZ96Ivr_T8_hqdefault.jpg')\"><\/div> <div class=\"brlbs-cmpnt-cb-main\"> <div class=\"brlbs-cmpnt-cb-play-button\"><\/div> <div class=\"brlbs-cmpnt-cb-content\"> <p class=\"brlbs-cmpnt-cb-description\">Sie sehen gerade einen Platzhalterinhalt von <strong>YouTube<\/strong>. Um auf den eigentlichen Inhalt zuzugreifen, klicken Sie auf die Schaltfl\u00e4che unten. Bitte beachten Sie, dass dabei Daten an Drittanbieter weitergegeben werden.<\/p> <a class=\"brlbs-cmpnt-cb-provider-toggle\" href=\"#\" data-borlabs-cookie-show-provider-information role=\"button\">Mehr Informationen<\/a> <\/div> <div class=\"brlbs-cmpnt-cb-buttons\"> <a class=\"brlbs-cmpnt-cb-btn\" href=\"#\" data-borlabs-cookie-unblock role=\"button\">Inhalt entsperren<\/a> <a class=\"brlbs-cmpnt-cb-btn\" href=\"#\" data-borlabs-cookie-accept-service role=\"button\" style=\"display: inherit\">Erforderlichen Service akzeptieren und Inhalte entsperren<\/a> <\/div> <\/div> <\/div><\/div>\t\t\t\t<\/div>\n\t\t\t\t<\/div>\n\t\t\t\t<div class=\"elementor-element elementor-element-f3e30ac elementor-widget elementor-widget-spacer\" data-id=\"f3e30ac\" data-element_type=\"widget\" data-e-type=\"widget\" data-widget_type=\"spacer.default\">\n\t\t\t\t<div class=\"elementor-widget-container\">\n\t\t\t\t\t\t\t<div class=\"elementor-spacer\">\n\t\t\t<div class=\"elementor-spacer-inner\"><\/div>\n\t\t<\/div>\n\t\t\t\t\t\t<\/div>\n\t\t\t\t<\/div>\n\t\t\t\t\t<\/div>\n\t\t\t\t<\/div>\n\t\t<div class=\"elementor-element elementor-element-01bfaa8 e-con-full e-flex e-con e-parent\" data-id=\"01bfaa8\" data-element_type=\"container\" data-e-type=\"container\">\n\t\t\t\t<div class=\"elementor-element elementor-element-1e90caf elementor-arrows-position-inside elementor-widget elementor-widget-image-carousel\" data-id=\"1e90caf\" data-element_type=\"widget\" data-e-type=\"widget\" data-settings=\"{&quot;slides_to_show&quot;:&quot;3&quot;,&quot;slides_to_scroll&quot;:&quot;1&quot;,&quot;navigation&quot;:&quot;arrows&quot;,&quot;autoplay&quot;:&quot;yes&quot;,&quot;pause_on_hover&quot;:&quot;yes&quot;,&quot;pause_on_interaction&quot;:&quot;yes&quot;,&quot;autoplay_speed&quot;:5000,&quot;infinite&quot;:&quot;yes&quot;,&quot;speed&quot;:500}\" data-widget_type=\"image-carousel.default\">\n\t\t\t\t<div class=\"elementor-widget-container\">\n\t\t\t\t\t\t\t<div class=\"elementor-image-carousel-wrapper swiper\" role=\"region\" aria-roledescription=\"carousel\" aria-label=\"Bild Karussell\" dir=\"ltr\">\n\t\t\t<div class=\"elementor-image-carousel swiper-wrapper\" aria-live=\"off\">\n\t\t\t\t\t\t\t\t<div class=\"swiper-slide\" role=\"group\" aria-roledescription=\"slide\" aria-label=\"1 von 6\"><figure class=\"swiper-slide-inner\"><img decoding=\"async\" class=\"swiper-slide-image\" src=\"https:\/\/www.villa-jahr.com\/wp-content\/uploads\/2025\/05\/the-magic-of-santana-4.jpg\" alt=\"The Magic of Santana\" title=\"\"><\/figure><\/div><div class=\"swiper-slide\" role=\"group\" aria-roledescription=\"slide\" aria-label=\"2 von 6\"><figure class=\"swiper-slide-inner\"><img decoding=\"async\" class=\"swiper-slide-image\" src=\"https:\/\/www.villa-jahr.com\/wp-content\/uploads\/2025\/05\/the-magic-of-santana-3.jpg\" alt=\"The Magic of Santana\" title=\"\"><\/figure><\/div><div class=\"swiper-slide\" role=\"group\" aria-roledescription=\"slide\" aria-label=\"3 von 6\"><figure class=\"swiper-slide-inner\"><img decoding=\"async\" class=\"swiper-slide-image\" src=\"https:\/\/www.villa-jahr.com\/wp-content\/uploads\/2025\/05\/the-magic-of-santana-1.jpg\" alt=\"The Magic of Santana\" title=\"\"><\/figure><\/div><div class=\"swiper-slide\" role=\"group\" aria-roledescription=\"slide\" aria-label=\"4 von 6\"><figure class=\"swiper-slide-inner\"><img decoding=\"async\" class=\"swiper-slide-image\" src=\"https:\/\/www.villa-jahr.com\/wp-content\/uploads\/2025\/05\/the-magic-of-santana-6.jpg\" alt=\"The Magic of Santana\" title=\"\"><\/figure><\/div><div class=\"swiper-slide\" role=\"group\" aria-roledescription=\"slide\" aria-label=\"5 von 6\"><figure class=\"swiper-slide-inner\"><img decoding=\"async\" class=\"swiper-slide-image\" src=\"https:\/\/www.villa-jahr.com\/wp-content\/uploads\/2025\/05\/the-magic-of-santana-7.jpg\" alt=\"The Magic of Santana\" title=\"\"><\/figure><\/div><div class=\"swiper-slide\" role=\"group\" aria-roledescription=\"slide\" aria-label=\"6 von 6\"><figure class=\"swiper-slide-inner\"><img decoding=\"async\" class=\"swiper-slide-image\" src=\"https:\/\/www.villa-jahr.com\/wp-content\/uploads\/2025\/05\/the-magic-of-santana-2.jpg\" alt=\"The Magic of Santana\" title=\"\"><\/figure><\/div>\t\t\t<\/div>\n\t\t\t\t\t\t\t\t\t\t\t\t<div class=\"elementor-swiper-button elementor-swiper-button-prev\" role=\"button\" tabindex=\"0\">\n\t\t\t\t\t\t<svg xmlns=\"http:\/\/www.w3.org\/2000\/svg\" id=\"Ebene_1\" viewbox=\"0 0 475 475\"><path d=\"M348.9,475L111.4,237.5,348.9,0l15.1,15.1-222.4,222.4,222.4,222.4-15.1,15.1Z\"><\/path><\/svg>\t\t\t\t\t<\/div>\n\t\t\t\t\t<div class=\"elementor-swiper-button elementor-swiper-button-next\" role=\"button\" tabindex=\"0\">\n\t\t\t\t\t\t<svg xmlns=\"http:\/\/www.w3.org\/2000\/svg\" id=\"Ebene_1\" viewbox=\"0 0 475 475\"><path d=\"M126.4,0l237.5,237.5-237.5,237.5-15.1-15.1,222.4-222.4L111.4,15.1,126.4,0Z\"><\/path><\/svg>\t\t\t\t\t<\/div>\n\t\t\t\t\n\t\t\t\t\t\t\t\t\t<\/div>\n\t\t\t\t\t\t<\/div>\n\t\t\t\t<\/div>\n\t\t\t\t<\/div>\n\t\t\t\t<\/div>","protected":false},"excerpt":{"rendered":"<p>Die Veranstaltung Feierliche Wiederer\u00f6ffnung der Villa Jahr am 14. September 2025, ab 18 Uhr Es gibt Orte, die sprechen, wenn man ihnen genau zuh\u00f6rt \u2013\u00a0sie erz\u00e4hlen Geschichten von dem, was war, und dem, was wird.\u00a0Die Villa Jahr in Gera ist solch ein Ort.\u00a0Ein Raum, in dem Gedanken Wurzeln schlagen.\u00a0Ein Garten, in dem Ideen aufbl\u00fchen.\u00a0Ein Zuhause [&hellip;]<\/p>\n","protected":false},"author":1,"featured_media":0,"parent":0,"menu_order":3,"comment_status":"closed","ping_status":"closed","template":"","meta":{"footnotes":""},"class_list":["post-913","page","type-page","status-publish","hentry"],"_links":{"self":[{"href":"https:\/\/www.villa-jahr.com\/en\/wp-json\/wp\/v2\/pages\/913","targetHints":{"allow":["GET"]}}],"collection":[{"href":"https:\/\/www.villa-jahr.com\/en\/wp-json\/wp\/v2\/pages"}],"about":[{"href":"https:\/\/www.villa-jahr.com\/en\/wp-json\/wp\/v2\/types\/page"}],"author":[{"embeddable":true,"href":"https:\/\/www.villa-jahr.com\/en\/wp-json\/wp\/v2\/users\/1"}],"replies":[{"embeddable":true,"href":"https:\/\/www.villa-jahr.com\/en\/wp-json\/wp\/v2\/comments?post=913"}],"version-history":[{"count":5,"href":"https:\/\/www.villa-jahr.com\/en\/wp-json\/wp\/v2\/pages\/913\/revisions"}],"predecessor-version":[{"id":1855,"href":"https:\/\/www.villa-jahr.com\/en\/wp-json\/wp\/v2\/pages\/913\/revisions\/1855"}],"wp:attachment":[{"href":"https:\/\/www.villa-jahr.com\/en\/wp-json\/wp\/v2\/media?parent=913"}],"curies":[{"name":"wp","href":"https:\/\/api.w.org\/{rel}","templated":true}]}}